{"id":307,"date":"2020-08-30T22:10:20","date_gmt":"2020-08-20T12:53:05","guid":{"rendered":"https:\/\/shop.kunstmuseum.mscg-it.de\/?post_type=product&#038;p=307"},"modified":"2020-09-13T16:54:37","modified_gmt":"2020-09-13T14:54:37","slug":"jeppe-hein-2","status":"publish","type":"product","link":"https:\/\/shop.kunstmuseum.de\/en\/product\/jeppe-hein-2\/","title":{"rendered":"Jeppe Hein \u2013 catalogue"},"content":{"rendered":"<p>Wo geht es lang? T\u00e4glich legen wir bewusst und unbewusst zahlreiche Wege zur\u00fcck \u2013 nicht nur kleinere und gr\u00f6\u00dfere Distanzen, sondern auch innere Wege. Sowohl die Werke als auch die Insze\u00adnie\u00adrung des d\u00e4nischen K\u00fcnstlers Jeppe Hein (*1974) im Kunst\u00admu\u00adseum Wolfsburg besch\u00e4f\u00adtigen sich damit. In einem Labyrinth aus R\u00e4umen, Wegen, Kreuzungen und Pl\u00e4tzen trifft der Besucher nicht nur auf die minima\u00adlis\u00adti\u00adschen, kineti\u00adschen und sozial ausge\u00adrich\u00adteten Werke Jeppe Heins, sondern wird auch von neuen und ortsspe\u00adzi\u00adfi\u00adschen Arbeiten \u00fcberrascht. Mit seinem Burnout im Dezember 2009 hat sich sein Materi\u00adal\u00adspek\u00adtrum erweitert: Klang, Resonanz, Stille, Duft oder Atem pr\u00e4gen neue Arbeiten und machen die Ausein\u00adan\u00adder\u00adset\u00adzung mit fern\u00f6st\u00adli\u00adchen Philo\u00adso\u00adphien und Praktiken wie Buddhismus, Yoga und Medita\u00adtion sp\u00fcrbar. So pers\u00f6n\u00adlich wie sein Aquarell-Tagebuch in der Ausstel\u00adlung ist auch der Katalog. In einem sehr offenen Gespr\u00e4ch des K\u00fcnstlers mit der Kuratorin Uta Ruhkamp sowie den Essays von Finn Janning und Peter H\u00f8eg wird nicht nur der K\u00fcnstler, sondern auch die Person Jeppe Hein greifbar.<\/p>\n<p>ca. 200 Seiten, 240&nbsp;Abb.<\/p>\n","protected":false},"excerpt":{"rendered":"<p>Wo geht es lang? T\u00e4glich legen wir bewusst und unbewusst zahlreiche Wege zur\u00fcck \u2013 nicht nur kleinere und gr\u00f6\u00dfere Distanzen, sondern auch innere Wege. Sowohl die Werke als auch die Insze\u00adnie\u00adrung des d\u00e4nischen K\u00fcnstlers Jeppe Hein (*1974) im Kunst\u00admu\u00adseum Wolfsburg besch\u00e4f\u00adtigen sich damit. In einem Labyrinth aus R\u00e4umen, Wegen, Kreuzungen und Pl\u00e4tzen trifft der Besucher&nbsp;[\u2026]<\/p>\n","protected":false},"featured_media":308,"template":"","meta":{"wp_typography_post_enhancements_disabled":false,"kunstmuseum_formatted_page_title":""},"product_cat":[45,46,62,44],"product_tag":[],"yoast_head":"<!-- This site is optimized with the Yoast SEO plugin v19.4 - https:\/\/yoast.com\/wordpress\/plugins\/seo\/ -->\n<title>Jeppe Hein - catalogue - Kunstmuseum Wolfsburg Shop<\/title>\n<meta name=\"robots\" content=\"index, follow, max-snippet:-1, max-image-preview:large, max-video-preview:-1\" \/>\n<link rel=\"canonical\" href=\"https:\/\/shop.kunstmuseum.de\/en\/product\/jeppe-hein-2\/\" \/>\n<meta property=\"og:locale\" content=\"en_US\" \/>\n<meta property=\"og:type\" content=\"article\" \/>\n<meta property=\"og:title\" content=\"Jeppe Hein - catalogue - Kunstmuseum Wolfsburg Shop\" \/>\n<meta property=\"og:description\" content=\"Wo geht es lang? T\u00e4glich legen wir bewusst und unbewusst zahlreiche Wege zur\u00fcck \u2013 nicht nur kleinere und gr\u00f6\u00dfere Distanzen, sondern auch innere Wege. Sowohl die Werke als auch die Insze\u00adnie\u00adrung des d\u00e4nischen K\u00fcnstlers Jeppe Hein (*1974) im Kunst\u00admu\u00adseum Wolfsburg besch\u00e4f\u00adtigen sich damit. In einem Labyrinth aus R\u00e4umen, Wegen, Kreuzungen und Pl\u00e4tzen trifft der Besucher [&hellip;]\" \/>\n<meta property=\"og:url\" content=\"https:\/\/shop.kunstmuseum.de\/en\/product\/jeppe-hein-2\/\" \/>\n<meta property=\"og:site_name\" content=\"Kunstmuseum Wolfsburg Shop\" \/>\n<meta property=\"article:modified_time\" content=\"2020-09-13T14:54:37+00:00\" \/>\n<meta property=\"og:image\" content=\"https:\/\/shop.kunstmuseum.de\/wp-content\/uploads\/2020\/08\/20151111_112246_jeppe_hein.jpg\" \/>\n\t<meta property=\"og:image:width\" content=\"1447\" \/>\n\t<meta property=\"og:image:height\" content=\"2067\" \/>\n\t<meta property=\"og:image:type\" content=\"image\/jpeg\" \/>\n<meta name=\"twitter:card\" content=\"summary_large_image\" \/>\n<meta name=\"twitter:label1\" content=\"Est. reading time\" \/>\n\t<meta name=\"twitter:data1\" content=\"1 minute\" \/>\n<script type=\"application\/ld+json\" class=\"yoast-schema-graph\">{\"@context\":\"https:\/\/schema.org\",\"@graph\":[{\"@type\":\"Organization\",\"@id\":\"https:\/\/shop.kunstmuseum.de\/en\/#organization\",\"name\":\"Kunstmuseum Wolfsburg Shop\",\"url\":\"https:\/\/shop.kunstmuseum.de\/en\/\",\"sameAs\":[],\"logo\":{\"@type\":\"ImageObject\",\"inLanguage\":\"en-US\",\"@id\":\"https:\/\/shop.kunstmuseum.de\/en\/#\/schema\/logo\/image\/\",\"url\":\"https:\/\/shop.kunstmuseum.de\/wp-content\/uploads\/2020\/06\/191125_KMW_Wortmarke_RGB_schwarz.svg\",\"contentUrl\":\"https:\/\/shop.kunstmuseum.de\/wp-content\/uploads\/2020\/06\/191125_KMW_Wortmarke_RGB_schwarz.svg\",\"width\":142,\"height\":42,\"caption\":\"Kunstmuseum Wolfsburg Shop\"},\"image\":{\"@id\":\"https:\/\/shop.kunstmuseum.de\/en\/#\/schema\/logo\/image\/\"}},{\"@type\":\"WebSite\",\"@id\":\"https:\/\/shop.kunstmuseum.de\/en\/#website\",\"url\":\"https:\/\/shop.kunstmuseum.de\/en\/\",\"name\":\"Kunstmuseum Wolfsburg Shop\",\"description\":\"Shop\",\"publisher\":{\"@id\":\"https:\/\/shop.kunstmuseum.de\/en\/#organization\"},\"potentialAction\":[{\"@type\":\"SearchAction\",\"target\":{\"@type\":\"EntryPoint\",\"urlTemplate\":\"https:\/\/shop.kunstmuseum.de\/en\/?s={search_term_string}\"},\"query-input\":\"required name=search_term_string\"}],\"inLanguage\":\"en-US\"},{\"@type\":\"WebPage\",\"@id\":\"https:\/\/shop.kunstmuseum.de\/en\/product\/jeppe-hein-2\/\",\"url\":\"https:\/\/shop.kunstmuseum.de\/en\/product\/jeppe-hein-2\/\",\"name\":\"Jeppe Hein - catalogue - Kunstmuseum Wolfsburg Shop\",\"isPartOf\":{\"@id\":\"https:\/\/shop.kunstmuseum.de\/en\/#website\"},\"datePublished\":\"2020-08-20T12:53:05+00:00\",\"dateModified\":\"2020-09-13T14:54:37+00:00\",\"breadcrumb\":{\"@id\":\"https:\/\/shop.kunstmuseum.de\/en\/product\/jeppe-hein-2\/#breadcrumb\"},\"inLanguage\":\"en-US\",\"potentialAction\":[{\"@type\":\"ReadAction\",\"target\":[\"https:\/\/shop.kunstmuseum.de\/en\/product\/jeppe-hein-2\/\"]}]},{\"@type\":\"BreadcrumbList\",\"@id\":\"https:\/\/shop.kunstmuseum.de\/en\/product\/jeppe-hein-2\/#breadcrumb\",\"itemListElement\":[{\"@type\":\"ListItem\",\"position\":1,\"name\":\"Home\",\"item\":\"https:\/\/shop.kunstmuseum.de\/en\/\"},{\"@type\":\"ListItem\",\"position\":2,\"name\":\"Jeppe Hein &#8211; catalogue\"}]}]}<\/script>\n<!-- \/ Yoast SEO plugin. -->","yoast_head_json":{"title":"Jeppe Hein - catalogue - Kunstmuseum Wolfsburg Shop","robots":{"index":"index","follow":"follow","max-snippet":"max-snippet:-1","max-image-preview":"max-image-preview:large","max-video-preview":"max-video-preview:-1"},"canonical":"https:\/\/shop.kunstmuseum.de\/en\/product\/jeppe-hein-2\/","og_locale":"en_US","og_type":"article","og_title":"Jeppe Hein - catalogue - Kunstmuseum Wolfsburg Shop","og_description":"Wo geht es lang? T\u00e4glich legen wir bewusst und unbewusst zahlreiche Wege zur\u00fcck \u2013 nicht nur kleinere und gr\u00f6\u00dfere Distanzen, sondern auch innere Wege. Sowohl die Werke als auch die Insze\u00adnie\u00adrung des d\u00e4nischen K\u00fcnstlers Jeppe Hein (*1974) im Kunst\u00admu\u00adseum Wolfsburg besch\u00e4f\u00adtigen sich damit. In einem Labyrinth aus R\u00e4umen, Wegen, Kreuzungen und Pl\u00e4tzen trifft der Besucher [&hellip;]","og_url":"https:\/\/shop.kunstmuseum.de\/en\/product\/jeppe-hein-2\/","og_site_name":"Kunstmuseum Wolfsburg Shop","article_modified_time":"2020-09-13T14:54:37+00:00","og_image":[{"width":1447,"height":2067,"url":"https:\/\/shop.kunstmuseum.de\/wp-content\/uploads\/2020\/08\/20151111_112246_jeppe_hein.jpg","type":"image\/jpeg"}],"twitter_card":"summary_large_image","twitter_misc":{"Est. reading time":"1 minute"},"schema":{"@context":"https:\/\/schema.org","@graph":[{"@type":"Organization","@id":"https:\/\/shop.kunstmuseum.de\/en\/#organization","name":"Kunstmuseum Wolfsburg Shop","url":"https:\/\/shop.kunstmuseum.de\/en\/","sameAs":[],"logo":{"@type":"ImageObject","inLanguage":"en-US","@id":"https:\/\/shop.kunstmuseum.de\/en\/#\/schema\/logo\/image\/","url":"https:\/\/shop.kunstmuseum.de\/wp-content\/uploads\/2020\/06\/191125_KMW_Wortmarke_RGB_schwarz.svg","contentUrl":"https:\/\/shop.kunstmuseum.de\/wp-content\/uploads\/2020\/06\/191125_KMW_Wortmarke_RGB_schwarz.svg","width":142,"height":42,"caption":"Kunstmuseum Wolfsburg Shop"},"image":{"@id":"https:\/\/shop.kunstmuseum.de\/en\/#\/schema\/logo\/image\/"}},{"@type":"WebSite","@id":"https:\/\/shop.kunstmuseum.de\/en\/#website","url":"https:\/\/shop.kunstmuseum.de\/en\/","name":"Kunstmuseum Wolfsburg Shop","description":"Shop","publisher":{"@id":"https:\/\/shop.kunstmuseum.de\/en\/#organization"},"potentialAction":[{"@type":"SearchAction","target":{"@type":"EntryPoint","urlTemplate":"https:\/\/shop.kunstmuseum.de\/en\/?s={search_term_string}"},"query-input":"required name=search_term_string"}],"inLanguage":"en-US"},{"@type":"WebPage","@id":"https:\/\/shop.kunstmuseum.de\/en\/product\/jeppe-hein-2\/","url":"https:\/\/shop.kunstmuseum.de\/en\/product\/jeppe-hein-2\/","name":"Jeppe Hein - catalogue - Kunstmuseum Wolfsburg Shop","isPartOf":{"@id":"https:\/\/shop.kunstmuseum.de\/en\/#website"},"datePublished":"2020-08-20T12:53:05+00:00","dateModified":"2020-09-13T14:54:37+00:00","breadcrumb":{"@id":"https:\/\/shop.kunstmuseum.de\/en\/product\/jeppe-hein-2\/#breadcrumb"},"inLanguage":"en-US","potentialAction":[{"@type":"ReadAction","target":["https:\/\/shop.kunstmuseum.de\/en\/product\/jeppe-hein-2\/"]}]},{"@type":"BreadcrumbList","@id":"https:\/\/shop.kunstmuseum.de\/en\/product\/jeppe-hein-2\/#breadcrumb","itemListElement":[{"@type":"ListItem","position":1,"name":"Home","item":"https:\/\/shop.kunstmuseum.de\/en\/"},{"@type":"ListItem","position":2,"name":"Jeppe Hein &#8211; catalogue"}]}]}},"_links":{"self":[{"href":"https:\/\/shop.kunstmuseum.de\/en\/wp-json\/wp\/v2\/product\/307"}],"collection":[{"href":"https:\/\/shop.kunstmuseum.de\/en\/wp-json\/wp\/v2\/product"}],"about":[{"href":"https:\/\/shop.kunstmuseum.de\/en\/wp-json\/wp\/v2\/types\/product"}],"wp:featuredmedia":[{"embeddable":true,"href":"https:\/\/shop.kunstmuseum.de\/en\/wp-json\/wp\/v2\/media\/308"}],"wp:attachment":[{"href":"https:\/\/shop.kunstmuseum.de\/en\/wp-json\/wp\/v2\/media?parent=307"}],"wp:term":[{"taxonomy":"product_cat","embeddable":true,"href":"https:\/\/shop.kunstmuseum.de\/en\/wp-json\/wp\/v2\/product_cat?post=307"},{"taxonomy":"product_tag","embeddable":true,"href":"https:\/\/shop.kunstmuseum.de\/en\/wp-json\/wp\/v2\/product_tag?post=307"}],"curies":[{"name":"wp","href":"https:\/\/api.w.org\/{rel}","templated":true}]}}