{"id":455,"date":"2020-08-30T22:50:02","date_gmt":"2020-08-30T20:50:02","guid":{"rendered":"https:\/\/shop.kunstmuseum.de\/produkt\/never-ending-stories-catalogue-engl\/"},"modified":"2020-09-13T16:53:00","modified_gmt":"2020-09-13T14:53:00","slug":"never-ending-stories-catalogue-engl","status":"publish","type":"product","link":"https:\/\/shop.kunstmuseum.de\/en\/product\/never-ending-stories-catalogue-engl\/","title":{"rendered":"Never Ending Stories \u2011catalogue"},"content":{"rendered":"<p>The exhibi\u00adtion is accom\u00adpa\u00adnied by an extensive reference work, edited by Ralf Beil, that sheds funda\u00admental and scholarly light on this multi\u00adfa\u00adceted theme and moreover brings together commen\u00adta\u00adries on the indivi\u00addual exhibited works. The 13 essays written especially for the catalogue by Aleida Assmann, Jan Assmann, Ralf Beil, Norbert Bolz, Claudia Dillmann, Michael Glasmeier, Joachim Kalka, Stefan Klein, Peter Kraut, Niklas Maak, Peter Sloter\u00addijk and Franziska St\u00f6hr encounter work texts by Stephanie Lov\u00e1sz and Michael Schultze as well as source material by \u00c9tienne-Louis Boull\u00e9e, Julio Cort\u00e1zar, Johann Wolfgang von Goethe, Kraftwerk, Friedrich Nietzsche, Plato and Simon Reynolds. Designed by Eggers + Diaper, the catalogue is published by Hatje Cantz Verlag. The hardcover publi\u00adca\u00adtion in a German and an English edition encom\u00adpasses 360 pages with circa 650 illustrations<\/p>\n","protected":false},"excerpt":{"rendered":"<p>Never Ending Stories<\/p>\n","protected":false},"featured_media":456,"template":"","meta":{"wp_typography_post_enhancements_disabled":false,"kunstmuseum_formatted_page_title":""},"product_cat":[45,46,62,44],"product_tag":[],"yoast_head":"<!-- This site is optimized with the Yoast SEO plugin v19.4 - https:\/\/yoast.com\/wordpress\/plugins\/seo\/ -->\n<title>Never Ending Stories -catalogue - Kunstmuseum Wolfsburg Shop<\/title>\n<meta name=\"robots\" content=\"index, follow, max-snippet:-1, max-image-preview:large, max-video-preview:-1\" \/>\n<link rel=\"canonical\" href=\"https:\/\/shop.kunstmuseum.de\/en\/product\/never-ending-stories-catalogue-engl\/\" \/>\n<meta property=\"og:locale\" content=\"en_US\" \/>\n<meta property=\"og:type\" content=\"article\" \/>\n<meta property=\"og:title\" content=\"Never Ending Stories -catalogue - Kunstmuseum Wolfsburg Shop\" \/>\n<meta property=\"og:description\" content=\"Never Ending Stories\" \/>\n<meta property=\"og:url\" content=\"https:\/\/shop.kunstmuseum.de\/en\/product\/never-ending-stories-catalogue-engl\/\" \/>\n<meta property=\"og:site_name\" content=\"Kunstmuseum Wolfsburg Shop\" \/>\n<meta property=\"article:modified_time\" content=\"2020-09-13T14:53:00+00:00\" \/>\n<meta property=\"og:image\" content=\"https:\/\/shop.kunstmuseum.de\/wp-content\/uploads\/2020\/08\/20170929_113158_never_ending_stories.jpg\" \/>\n\t<meta property=\"og:image:width\" content=\"220\" \/>\n\t<meta property=\"og:image:height\" content=\"279\" \/>\n\t<meta property=\"og:image:type\" content=\"image\/jpeg\" \/>\n<meta name=\"twitter:card\" content=\"summary_large_image\" \/>\n<meta name=\"twitter:label1\" content=\"Est. reading time\" \/>\n\t<meta name=\"twitter:data1\" content=\"1 minute\" \/>\n<script type=\"application\/ld+json\" class=\"yoast-schema-graph\">{\"@context\":\"https:\/\/schema.org\",\"@graph\":[{\"@type\":\"Organization\",\"@id\":\"https:\/\/shop.kunstmuseum.de\/en\/#organization\",\"name\":\"Kunstmuseum Wolfsburg Shop\",\"url\":\"https:\/\/shop.kunstmuseum.de\/en\/\",\"sameAs\":[],\"logo\":{\"@type\":\"ImageObject\",\"inLanguage\":\"en-US\",\"@id\":\"https:\/\/shop.kunstmuseum.de\/en\/#\/schema\/logo\/image\/\",\"url\":\"https:\/\/shop.kunstmuseum.de\/wp-content\/uploads\/2020\/06\/191125_KMW_Wortmarke_RGB_schwarz.svg\",\"contentUrl\":\"https:\/\/shop.kunstmuseum.de\/wp-content\/uploads\/2020\/06\/191125_KMW_Wortmarke_RGB_schwarz.svg\",\"width\":142,\"height\":42,\"caption\":\"Kunstmuseum Wolfsburg Shop\"},\"image\":{\"@id\":\"https:\/\/shop.kunstmuseum.de\/en\/#\/schema\/logo\/image\/\"}},{\"@type\":\"WebSite\",\"@id\":\"https:\/\/shop.kunstmuseum.de\/en\/#website\",\"url\":\"https:\/\/shop.kunstmuseum.de\/en\/\",\"name\":\"Kunstmuseum Wolfsburg Shop\",\"description\":\"Shop\",\"publisher\":{\"@id\":\"https:\/\/shop.kunstmuseum.de\/en\/#organization\"},\"potentialAction\":[{\"@type\":\"SearchAction\",\"target\":{\"@type\":\"EntryPoint\",\"urlTemplate\":\"https:\/\/shop.kunstmuseum.de\/en\/?s={search_term_string}\"},\"query-input\":\"required name=search_term_string\"}],\"inLanguage\":\"en-US\"},{\"@type\":\"WebPage\",\"@id\":\"https:\/\/shop.kunstmuseum.de\/en\/product\/never-ending-stories-catalogue-engl\/\",\"url\":\"https:\/\/shop.kunstmuseum.de\/en\/product\/never-ending-stories-catalogue-engl\/\",\"name\":\"Never Ending Stories -catalogue - Kunstmuseum Wolfsburg Shop\",\"isPartOf\":{\"@id\":\"https:\/\/shop.kunstmuseum.de\/en\/#website\"},\"datePublished\":\"2020-08-30T20:50:02+00:00\",\"dateModified\":\"2020-09-13T14:53:00+00:00\",\"breadcrumb\":{\"@id\":\"https:\/\/shop.kunstmuseum.de\/en\/product\/never-ending-stories-catalogue-engl\/#breadcrumb\"},\"inLanguage\":\"en-US\",\"potentialAction\":[{\"@type\":\"ReadAction\",\"target\":[\"https:\/\/shop.kunstmuseum.de\/en\/product\/never-ending-stories-catalogue-engl\/\"]}]},{\"@type\":\"BreadcrumbList\",\"@id\":\"https:\/\/shop.kunstmuseum.de\/en\/product\/never-ending-stories-catalogue-engl\/#breadcrumb\",\"itemListElement\":[{\"@type\":\"ListItem\",\"position\":1,\"name\":\"Home\",\"item\":\"https:\/\/shop.kunstmuseum.de\/en\/\"},{\"@type\":\"ListItem\",\"position\":2,\"name\":\"Never Ending Stories -catalogue\"}]}]}<\/script>\n<!-- \/ Yoast SEO plugin. -->","yoast_head_json":{"title":"Never Ending Stories -catalogue - Kunstmuseum Wolfsburg Shop","robots":{"index":"index","follow":"follow","max-snippet":"max-snippet:-1","max-image-preview":"max-image-preview:large","max-video-preview":"max-video-preview:-1"},"canonical":"https:\/\/shop.kunstmuseum.de\/en\/product\/never-ending-stories-catalogue-engl\/","og_locale":"en_US","og_type":"article","og_title":"Never Ending Stories -catalogue - Kunstmuseum Wolfsburg Shop","og_description":"Never Ending Stories","og_url":"https:\/\/shop.kunstmuseum.de\/en\/product\/never-ending-stories-catalogue-engl\/","og_site_name":"Kunstmuseum Wolfsburg Shop","article_modified_time":"2020-09-13T14:53:00+00:00","og_image":[{"width":220,"height":279,"url":"https:\/\/shop.kunstmuseum.de\/wp-content\/uploads\/2020\/08\/20170929_113158_never_ending_stories.jpg","type":"image\/jpeg"}],"twitter_card":"summary_large_image","twitter_misc":{"Est. reading time":"1 minute"},"schema":{"@context":"https:\/\/schema.org","@graph":[{"@type":"Organization","@id":"https:\/\/shop.kunstmuseum.de\/en\/#organization","name":"Kunstmuseum Wolfsburg Shop","url":"https:\/\/shop.kunstmuseum.de\/en\/","sameAs":[],"logo":{"@type":"ImageObject","inLanguage":"en-US","@id":"https:\/\/shop.kunstmuseum.de\/en\/#\/schema\/logo\/image\/","url":"https:\/\/shop.kunstmuseum.de\/wp-content\/uploads\/2020\/06\/191125_KMW_Wortmarke_RGB_schwarz.svg","contentUrl":"https:\/\/shop.kunstmuseum.de\/wp-content\/uploads\/2020\/06\/191125_KMW_Wortmarke_RGB_schwarz.svg","width":142,"height":42,"caption":"Kunstmuseum Wolfsburg Shop"},"image":{"@id":"https:\/\/shop.kunstmuseum.de\/en\/#\/schema\/logo\/image\/"}},{"@type":"WebSite","@id":"https:\/\/shop.kunstmuseum.de\/en\/#website","url":"https:\/\/shop.kunstmuseum.de\/en\/","name":"Kunstmuseum Wolfsburg Shop","description":"Shop","publisher":{"@id":"https:\/\/shop.kunstmuseum.de\/en\/#organization"},"potentialAction":[{"@type":"SearchAction","target":{"@type":"EntryPoint","urlTemplate":"https:\/\/shop.kunstmuseum.de\/en\/?s={search_term_string}"},"query-input":"required name=search_term_string"}],"inLanguage":"en-US"},{"@type":"WebPage","@id":"https:\/\/shop.kunstmuseum.de\/en\/product\/never-ending-stories-catalogue-engl\/","url":"https:\/\/shop.kunstmuseum.de\/en\/product\/never-ending-stories-catalogue-engl\/","name":"Never Ending Stories -catalogue - Kunstmuseum Wolfsburg Shop","isPartOf":{"@id":"https:\/\/shop.kunstmuseum.de\/en\/#website"},"datePublished":"2020-08-30T20:50:02+00:00","dateModified":"2020-09-13T14:53:00+00:00","breadcrumb":{"@id":"https:\/\/shop.kunstmuseum.de\/en\/product\/never-ending-stories-catalogue-engl\/#breadcrumb"},"inLanguage":"en-US","potentialAction":[{"@type":"ReadAction","target":["https:\/\/shop.kunstmuseum.de\/en\/product\/never-ending-stories-catalogue-engl\/"]}]},{"@type":"BreadcrumbList","@id":"https:\/\/shop.kunstmuseum.de\/en\/product\/never-ending-stories-catalogue-engl\/#breadcrumb","itemListElement":[{"@type":"ListItem","position":1,"name":"Home","item":"https:\/\/shop.kunstmuseum.de\/en\/"},{"@type":"ListItem","position":2,"name":"Never Ending Stories -catalogue"}]}]}},"_links":{"self":[{"href":"https:\/\/shop.kunstmuseum.de\/en\/wp-json\/wp\/v2\/product\/455"}],"collection":[{"href":"https:\/\/shop.kunstmuseum.de\/en\/wp-json\/wp\/v2\/product"}],"about":[{"href":"https:\/\/shop.kunstmuseum.de\/en\/wp-json\/wp\/v2\/types\/product"}],"wp:featuredmedia":[{"embeddable":true,"href":"https:\/\/shop.kunstmuseum.de\/en\/wp-json\/wp\/v2\/media\/456"}],"wp:attachment":[{"href":"https:\/\/shop.kunstmuseum.de\/en\/wp-json\/wp\/v2\/media?parent=455"}],"wp:term":[{"taxonomy":"product_cat","embeddable":true,"href":"https:\/\/shop.kunstmuseum.de\/en\/wp-json\/wp\/v2\/product_cat?post=455"},{"taxonomy":"product_tag","embeddable":true,"href":"https:\/\/shop.kunstmuseum.de\/en\/wp-json\/wp\/v2\/product_tag?post=455"}],"curies":[{"name":"wp","href":"https:\/\/api.w.org\/{rel}","templated":true}]}}